{"id":31083,"date":"2026-01-21T18:16:52","date_gmt":"2026-01-21T18:16:52","guid":{"rendered":"https:\/\/www.istituto-bellieni.it\/mario-marras\/"},"modified":"2026-02-02T09:01:10","modified_gmt":"2026-02-02T09:01:10","slug":"mario-marras","status":"publish","type":"page","link":"https:\/\/www.istituto-bellieni.it\/sc\/mario-marras\/","title":{"rendered":"Mario Marras"},"content":{"rendered":"\t\t<div data-elementor-type=\"wp-page\" data-elementor-id=\"31083\" class=\"elementor elementor-31083 elementor-31073\" data-elementor-post-type=\"page\">\n\t\t\t\t\t\t<section class=\"elementor-section elementor-top-section elementor-element elementor-element-7474afe elementor-reverse-mobile elementor-reverse-tablet elementor-section-boxed elementor-section-height-default elementor-section-height-default\" data-id=\"7474afe\" data-element_type=\"section\" data-e-type=\"section\" data-settings=\"{&quot;background_background&quot;:&quot;classic&quot;}\">\n\t\t\t\t\t\t<div class=\"elementor-container elementor-column-gap-default\">\n\t\t\t\t\t<div class=\"elementor-column elementor-col-50 elementor-top-column elementor-element elementor-element-0c27abc\" data-id=\"0c27abc\" data-element_type=\"column\" data-e-type=\"column\">\n\t\t\t<div class=\"elementor-widget-wrap elementor-element-populated\">\n\t\t\t\t\t\t<div class=\"elementor-element elementor-element-31a0861 elementor-widget elementor-widget-elementskit-heading\" data-id=\"31a0861\" data-element_type=\"widget\" data-e-type=\"widget\" data-settings=\"{&quot;ekit_we_effect_on&quot;:&quot;none&quot;}\" data-widget_type=\"elementskit-heading.default\">\n\t\t\t\t<div class=\"elementor-widget-container\">\n\t\t\t\t\t<div class=\"ekit-wid-con\" ><div class=\"ekit-heading elementskit-section-title-wraper    ekit_heading_tablet-   ekit_heading_mobile-\"><h1 class=\"ekit-heading--title elementskit-section-title \">Mario Marras<\/h1><h3 class=\"ekit-heading--subtitle elementskit-section-subtitle  \">\n\t\t\t\t\t\tProf de Limba Tataresa\n\t\t\t\t\t<\/h3>\t\t\t\t<div class='ekit-heading__description'>\n\t\t\t\t\t<p>Su chi contat ist\u00f2rias<\/p>\n\t\t\t\t<\/div>\n\t\t\t<\/div><\/div>\t\t\t\t<\/div>\n\t\t\t\t<\/div>\n\t\t\t\t\t<\/div>\n\t\t<\/div>\n\t\t\t\t<div class=\"elementor-column elementor-col-50 elementor-top-column elementor-element elementor-element-4fb6ef1 elementor-invisible\" data-id=\"4fb6ef1\" data-element_type=\"column\" data-e-type=\"column\" data-settings=\"{&quot;animation&quot;:&quot;fadeIn&quot;,&quot;background_background&quot;:&quot;classic&quot;}\">\n\t\t\t<div class=\"elementor-widget-wrap elementor-element-populated\">\n\t\t\t\t\t\t<div class=\"elementor-element elementor-element-c522a31 e-transform e-transform e-transform elementor-invisible elementor-widget elementor-widget-image\" data-id=\"c522a31\" data-element_type=\"widget\" data-e-type=\"widget\" data-settings=\"{&quot;_animation&quot;:&quot;fadeIn&quot;,&quot;_transform_rotateZ_effect&quot;:{&quot;unit&quot;:&quot;px&quot;,&quot;size&quot;:0,&quot;sizes&quot;:[]},&quot;_transform_rotateZ_effect_hover&quot;:{&quot;unit&quot;:&quot;px&quot;,&quot;size&quot;:-3,&quot;sizes&quot;:[]},&quot;ekit_we_effect_on&quot;:&quot;none&quot;,&quot;_transform_rotateZ_effect_tablet&quot;:{&quot;unit&quot;:&quot;deg&quot;,&quot;size&quot;:&quot;&quot;,&quot;sizes&quot;:[]},&quot;_transform_rotateZ_effect_mobile&quot;:{&quot;unit&quot;:&quot;deg&quot;,&quot;size&quot;:&quot;&quot;,&quot;sizes&quot;:[]},&quot;_transform_rotateZ_effect_hover_tablet&quot;:{&quot;unit&quot;:&quot;deg&quot;,&quot;size&quot;:&quot;&quot;,&quot;sizes&quot;:[]},&quot;_transform_rotateZ_effect_hover_mobile&quot;:{&quot;unit&quot;:&quot;deg&quot;,&quot;size&quot;:&quot;&quot;,&quot;sizes&quot;:[]},&quot;_transform_translateX_effect_hover&quot;:{&quot;unit&quot;:&quot;px&quot;,&quot;size&quot;:&quot;&quot;,&quot;sizes&quot;:[]},&quot;_transform_translateX_effect_hover_tablet&quot;:{&quot;unit&quot;:&quot;px&quot;,&quot;size&quot;:&quot;&quot;,&quot;sizes&quot;:[]},&quot;_transform_translateX_effect_hover_mobile&quot;:{&quot;unit&quot;:&quot;px&quot;,&quot;size&quot;:&quot;&quot;,&quot;sizes&quot;:[]},&quot;_transform_translateY_effect_hover&quot;:{&quot;unit&quot;:&quot;px&quot;,&quot;size&quot;:&quot;&quot;,&quot;sizes&quot;:[]},&quot;_transform_translateY_effect_hover_tablet&quot;:{&quot;unit&quot;:&quot;px&quot;,&quot;size&quot;:&quot;&quot;,&quot;sizes&quot;:[]},&quot;_transform_translateY_effect_hover_mobile&quot;:{&quot;unit&quot;:&quot;px&quot;,&quot;size&quot;:&quot;&quot;,&quot;sizes&quot;:[]}}\" data-widget_type=\"image.default\">\n\t\t\t\t<div class=\"elementor-widget-container\">\n\t\t\t\t\t\t\t\t\t\t\t\t\t\t\t<img decoding=\"async\" src=\"https:\/\/www.istituto-bellieni.it\/wp-content\/uploads\/elementor\/thumbs\/mario-marras-trasp-small-rhzqdn088p0g1rqjl58lm0huee4shfkubma85p5rjq.jpg\" title=\"\" alt=\"Mario Marras\" class=\"elementor-animation-shrink\" loading=\"lazy\" \/>\t\t\t\t\t\t\t\t\t\t\t\t\t\t\t<\/div>\n\t\t\t\t<\/div>\n\t\t\t\t\t<\/div>\n\t\t<\/div>\n\t\t\t\t\t<\/div>\n\t\t<\/section>\n\t\t\t\t<section class=\"elementor-section elementor-top-section elementor-element elementor-element-8940dee elementor-section-boxed elementor-section-height-default elementor-section-height-default\" data-id=\"8940dee\" data-element_type=\"section\" data-e-type=\"section\" data-settings=\"{&quot;background_background&quot;:&quot;classic&quot;}\">\n\t\t\t\t\t\t<div class=\"elementor-container elementor-column-gap-default\">\n\t\t\t\t\t<div class=\"elementor-column elementor-col-100 elementor-top-column elementor-element elementor-element-e959267\" data-id=\"e959267\" data-element_type=\"column\" data-e-type=\"column\">\n\t\t\t<div class=\"elementor-widget-wrap elementor-element-populated\">\n\t\t\t\t\t\t<section class=\"elementor-section elementor-inner-section elementor-element elementor-element-82dca9c elementor-section-boxed elementor-section-height-default elementor-section-height-default\" data-id=\"82dca9c\" data-element_type=\"section\" data-e-type=\"section\">\n\t\t\t\t\t\t<div class=\"elementor-container elementor-column-gap-default\">\n\t\t\t\t\t<div class=\"elementor-column elementor-col-100 elementor-inner-column elementor-element elementor-element-ebf0613\" data-id=\"ebf0613\" data-element_type=\"column\" data-e-type=\"column\">\n\t\t\t<div class=\"elementor-widget-wrap elementor-element-populated\">\n\t\t\t\t\t\t<div class=\"elementor-element elementor-element-524d80d elementor-invisible elementor-widget elementor-widget-turitor-title\" data-id=\"524d80d\" data-element_type=\"widget\" data-e-type=\"widget\" data-settings=\"{&quot;_animation&quot;:&quot;fadeIn&quot;,&quot;ekit_we_effect_on&quot;:&quot;none&quot;}\" data-widget_type=\"turitor-title.default\">\n\t\t\t\t<div class=\"elementor-widget-container\">\n\t\t\t\t\t\n   <div class=\"ts-section-title title-left\">\n\t\t<h2 class=\"section-title \">\n\t\t\t\t\t\t\t<span class=\"sub-title\">Cando si faeddat de Mario Lucio Marras, tres sunt sas calidades chi nde essint a p\u00ecgiu: curiosidade, deditzione, mem\u00f2ria bia de sa limba tataresa.<\/span>\n\t\t\t             <\/h2>\n               <i class=\"\"><\/i>\n\t\t\t      \t\t\t\n   <\/div>\n    \n    \t\t\t\t<\/div>\n\t\t\t\t<\/div>\n\t\t\t\t<div class=\"elementor-element elementor-element-4bdf7df elementor-invisible elementor-widget elementor-widget-text-editor\" data-id=\"4bdf7df\" data-element_type=\"widget\" data-e-type=\"widget\" data-settings=\"{&quot;_animation&quot;:&quot;fadeIn&quot;,&quot;ekit_we_effect_on&quot;:&quot;none&quot;}\" data-widget_type=\"text-editor.default\">\n\t\t\t\t<div class=\"elementor-widget-container\">\n\t\t\t\t\t\t\t\t\t<p>Dae semper cuntzentradu in s\u2019ist\u00f9diu e in s\u2019insignamentu, at atraessadu su mundu de s\u2019iscola e de sa cultura cun passu pretzisu e cun s\u2019atentzione de chie creet a beru in su valore de sas par\u00e0ulas.<\/p><p>N\u00e0schidu in su 1949, posca de su Litzeu cl\u00e0ssicu e de sa laurea in L\u00ecteras in su Magist\u00e8riu de T\u00e0tari, at incomintzadu a intrare in sas \u00e0ulas comente suplente in sos annos tra su 1977 e su 1982. Posca una par\u00e8ntesi in su Minist\u00e8riu de su Traballu, bator annos intensos chi l\u2019ant fatu conn\u00f2schere un\u2019\u00e0tera cara de su serv\u00ectziu p\u00f9blicu.<\/p><p>Ma s\u2019interessu pro s\u2019iscola fiat prus forte: dae su 1986 est torradu a manera definitiva a s\u2019insegnamentu, a primu in sas m\u00e8dias, posca in su Litzeu iscient\u00ecficu de Casteddhu Sardu e a finitia in su \u201cCastelv\u00ed\u201d de T\u00e0tari, in ue at congruidu sa carriera sua de dotzente de l\u00ecteras, lassende un\u2019ammentu profundu intre sos collegas e sos dischentes.<\/p><p>In su matessi tempus, un\u2019\u00e0tera istrada l\u2019at semper acumpagnadu: cussa de sa limba tataresa. Mario non s\u2019est firmadu a l\u2019istudiare; l\u2019at coltivada, iscrita, cumpartzida. At publicadu tres regortas de poesias, traduidu autores kurdos, organizadu abbojos, cunfer\u00e8ntzias, presentatziones. E sighit a lu f\u00e0ghere oe comente dotzente in sos laborat\u00f2rios de su Bellieni, in ue giughet s\u2019speri\u00e8ntzia sua cun una passione silentziosa ma cuntagiosa.<\/p><p>Oe, dae pensionadu ativu meda, faghet parte de su CdA de s\u2019UTE de T\u00e0tari, dende s\u2019agiudu suo a progetos culturales cun sa matessi seriedade cun sa cale pro annos at preparadu letziones, curr\u00e8gidu c\u00f2mpitos, isfogende libros cunsumidos dae su meda impreu.<\/p><p>Mario est unu de cussos insinnantes raros chi, puru cando finint de istare in dae segus de sa c\u00e0tedra, non finint mai de a beru de insinzare.<\/p><p>Sa limba, sa cultura, sa comunidade: sunt galu su campu de atzione suo, sa manera sua pro b\u2019\u00e8ssere.<\/p><p><strong>Si nde diamus d\u00e8vere f\u00e0ghere su suntu cun unu pensu, fiat istadu custu: \u201cSa cultura creschet solu si calicuno sighit a la f\u00e0ghere v\u00ecvere.\u201d E Mario Lucio Marras sighit a lu f\u00e0ghere, ogni die.<\/strong><\/p>\t\t\t\t\t\t\t\t<\/div>\n\t\t\t\t<\/div>\n\t\t\t\t\t<\/div>\n\t\t<\/div>\n\t\t\t\t\t<\/div>\n\t\t<\/section>\n\t\t\t\t\t<\/div>\n\t\t<\/div>\n\t\t\t\t\t<\/div>\n\t\t<\/section>\n\t\t\t\t<section class=\"elementor-section elementor-top-section elementor-element elementor-element-409dde5 elementor-section-boxed elementor-section-height-default elementor-section-height-default\" data-id=\"409dde5\" data-element_type=\"section\" data-e-type=\"section\" data-settings=\"{&quot;background_background&quot;:&quot;classic&quot;}\">\n\t\t\t\t\t\t<div class=\"elementor-container elementor-column-gap-default\">\n\t\t\t\t\t<div class=\"elementor-column elementor-col-100 elementor-top-column elementor-element elementor-element-7b17072\" data-id=\"7b17072\" data-element_type=\"column\" data-e-type=\"column\">\n\t\t\t<div class=\"elementor-widget-wrap elementor-element-populated\">\n\t\t\t\t\t\t<div class=\"elementor-element elementor-element-7766e8c elementor-invisible elementor-widget elementor-widget-turitor-title\" data-id=\"7766e8c\" data-element_type=\"widget\" data-e-type=\"widget\" data-settings=\"{&quot;_animation&quot;:&quot;fadeIn&quot;,&quot;ekit_we_effect_on&quot;:&quot;none&quot;}\" data-widget_type=\"turitor-title.default\">\n\t\t\t\t<div class=\"elementor-widget-container\">\n\t\t\t\t\t\n   <div class=\"ts-section-title title-center\">\n\t\t<h2 class=\"section-title \">\n\t\t\t        Altri componenti dello staff     <\/h2>\n               <i class=\"\"><\/i>\n\t\t\t      \t\t\t\n   <\/div>\n    \n    \t\t\t\t<\/div>\n\t\t\t\t<\/div>\n\t\t\t\t\t<\/div>\n\t\t<\/div>\n\t\t\t\t\t<\/div>\n\t\t<\/section>\n\t\t\t\t<\/div>\n\t\t","protected":false},"excerpt":{"rendered":"<p>Mario Marras Prof de Limba Tataresa Su chi contat ist\u00f2rias Cando si faeddat de Mario Lucio Marras, tres sunt sas [&hellip;]<\/p>\n","protected":false},"author":1,"featured_media":31082,"parent":0,"menu_order":0,"comment_status":"closed","ping_status":"closed","template":"elementor_header_footer","meta":{"footnotes":""},"class_list":["post-31083","page","type-page","status-publish","has-post-thumbnail","hentry"],"yoast_head":"<!-- This site is optimized with the Yoast SEO plugin v27.4 - https:\/\/yoast.com\/product\/yoast-seo-wordpress\/ -->\n<title>Mario Marras - Istituto Camillo Bellieni Sassari<\/title>\n<meta name=\"robots\" content=\"index, follow, max-snippet:-1, max-image-preview:large, max-video-preview:-1\" \/>\n<link rel=\"canonical\" href=\"https:\/\/www.istituto-bellieni.it\/sc\/mario-marras\/\" \/>\n<meta property=\"og:locale\" content=\"en_US\" \/>\n<meta property=\"og:type\" content=\"article\" \/>\n<meta property=\"og:title\" content=\"Mario Marras - Istituto Camillo Bellieni Sassari\" \/>\n<meta property=\"og:description\" content=\"Mario Marras Prof de Limba Tataresa Su chi contat ist\u00f2rias Cando si faeddat de Mario Lucio Marras, tres sunt sas [&hellip;]\" \/>\n<meta property=\"og:url\" content=\"https:\/\/www.istituto-bellieni.it\/sc\/mario-marras\/\" \/>\n<meta property=\"og:site_name\" content=\"Istituto Camillo Bellieni Sassari\" \/>\n<meta property=\"article:publisher\" content=\"https:\/\/www.facebook.com\/IstitutoBellieni\" \/>\n<meta property=\"article:modified_time\" content=\"2026-02-02T09:01:10+00:00\" \/>\n<meta property=\"og:image\" content=\"https:\/\/www.istituto-bellieni.it\/wp-content\/uploads\/2026\/01\/mario-marras-trasp-small.jpg\" \/>\n\t<meta property=\"og:image:width\" content=\"255\" \/>\n\t<meta property=\"og:image:height\" content=\"255\" \/>\n\t<meta property=\"og:image:type\" content=\"image\/jpeg\" \/>\n<meta name=\"twitter:card\" content=\"summary_large_image\" \/>\n<meta name=\"twitter:label1\" content=\"Est. reading time\" \/>\n\t<meta name=\"twitter:data1\" content=\"3 minutes\" \/>\n<script type=\"application\/ld+json\" class=\"yoast-schema-graph\">{\"@context\":\"https:\\\/\\\/schema.org\",\"@graph\":[{\"@type\":\"WebPage\",\"@id\":\"https:\\\/\\\/www.istituto-bellieni.it\\\/sc\\\/mario-marras\\\/\",\"url\":\"https:\\\/\\\/www.istituto-bellieni.it\\\/sc\\\/mario-marras\\\/\",\"name\":\"Mario Marras - Istituto Camillo Bellieni Sassari\",\"isPartOf\":{\"@id\":\"https:\\\/\\\/www.istituto-bellieni.it\\\/#website\"},\"primaryImageOfPage\":{\"@id\":\"https:\\\/\\\/www.istituto-bellieni.it\\\/sc\\\/mario-marras\\\/#primaryimage\"},\"image\":{\"@id\":\"https:\\\/\\\/www.istituto-bellieni.it\\\/sc\\\/mario-marras\\\/#primaryimage\"},\"thumbnailUrl\":\"https:\\\/\\\/www.istituto-bellieni.it\\\/wp-content\\\/uploads\\\/2026\\\/01\\\/mario-marras-trasp-small.jpg\",\"datePublished\":\"2026-01-21T18:16:52+00:00\",\"dateModified\":\"2026-02-02T09:01:10+00:00\",\"breadcrumb\":{\"@id\":\"https:\\\/\\\/www.istituto-bellieni.it\\\/sc\\\/mario-marras\\\/#breadcrumb\"},\"inLanguage\":\"sc-SC\",\"potentialAction\":[{\"@type\":\"ReadAction\",\"target\":[\"https:\\\/\\\/www.istituto-bellieni.it\\\/sc\\\/mario-marras\\\/\"]}]},{\"@type\":\"ImageObject\",\"inLanguage\":\"sc-SC\",\"@id\":\"https:\\\/\\\/www.istituto-bellieni.it\\\/sc\\\/mario-marras\\\/#primaryimage\",\"url\":\"https:\\\/\\\/www.istituto-bellieni.it\\\/wp-content\\\/uploads\\\/2026\\\/01\\\/mario-marras-trasp-small.jpg\",\"contentUrl\":\"https:\\\/\\\/www.istituto-bellieni.it\\\/wp-content\\\/uploads\\\/2026\\\/01\\\/mario-marras-trasp-small.jpg\",\"width\":255,\"height\":255,\"caption\":\"Mario Marras\"},{\"@type\":\"BreadcrumbList\",\"@id\":\"https:\\\/\\\/www.istituto-bellieni.it\\\/sc\\\/mario-marras\\\/#breadcrumb\",\"itemListElement\":[{\"@type\":\"ListItem\",\"position\":1,\"name\":\"Home\",\"item\":\"https:\\\/\\\/www.istituto-bellieni.it\\\/sc\\\/\"},{\"@type\":\"ListItem\",\"position\":2,\"name\":\"Mario Marras\"}]},{\"@type\":\"WebSite\",\"@id\":\"https:\\\/\\\/www.istituto-bellieni.it\\\/#website\",\"url\":\"https:\\\/\\\/www.istituto-bellieni.it\\\/\",\"name\":\"Istituto Camillo Bellieni Sassari\",\"description\":\"Il sito web dell&#039;Istituto di studi e ricerche Camillo Bellieni di Sassari\",\"publisher\":{\"@id\":\"https:\\\/\\\/www.istituto-bellieni.it\\\/#organization\"},\"potentialAction\":[{\"@type\":\"SearchAction\",\"target\":{\"@type\":\"EntryPoint\",\"urlTemplate\":\"https:\\\/\\\/www.istituto-bellieni.it\\\/?s={search_term_string}\"},\"query-input\":{\"@type\":\"PropertyValueSpecification\",\"valueRequired\":true,\"valueName\":\"search_term_string\"}}],\"inLanguage\":\"sc-SC\"},{\"@type\":\"Organization\",\"@id\":\"https:\\\/\\\/www.istituto-bellieni.it\\\/#organization\",\"name\":\"Istituto di Studi e Ricerce Camillo Bellieni Sassari\",\"url\":\"https:\\\/\\\/www.istituto-bellieni.it\\\/\",\"logo\":{\"@type\":\"ImageObject\",\"inLanguage\":\"sc-SC\",\"@id\":\"https:\\\/\\\/www.istituto-bellieni.it\\\/#\\\/schema\\\/logo\\\/image\\\/\",\"url\":\"https:\\\/\\\/www.istituto-bellieni.it\\\/wp-content\\\/uploads\\\/2022\\\/02\\\/logo-vect.svg\",\"contentUrl\":\"https:\\\/\\\/www.istituto-bellieni.it\\\/wp-content\\\/uploads\\\/2022\\\/02\\\/logo-vect.svg\",\"width\":305.021,\"height\":176.34,\"caption\":\"Istituto di Studi e Ricerce Camillo Bellieni Sassari\"},\"image\":{\"@id\":\"https:\\\/\\\/www.istituto-bellieni.it\\\/#\\\/schema\\\/logo\\\/image\\\/\"},\"sameAs\":[\"https:\\\/\\\/www.facebook.com\\\/IstitutoBellieni\"]}]}<\/script>\n<!-- \/ Yoast SEO plugin. -->","yoast_head_json":{"title":"Mario Marras - Istituto Camillo Bellieni Sassari","robots":{"index":"index","follow":"follow","max-snippet":"max-snippet:-1","max-image-preview":"max-image-preview:large","max-video-preview":"max-video-preview:-1"},"canonical":"https:\/\/www.istituto-bellieni.it\/sc\/mario-marras\/","og_locale":"en_US","og_type":"article","og_title":"Mario Marras - Istituto Camillo Bellieni Sassari","og_description":"Mario Marras Prof de Limba Tataresa Su chi contat ist\u00f2rias Cando si faeddat de Mario Lucio Marras, tres sunt sas [&hellip;]","og_url":"https:\/\/www.istituto-bellieni.it\/sc\/mario-marras\/","og_site_name":"Istituto Camillo Bellieni Sassari","article_publisher":"https:\/\/www.facebook.com\/IstitutoBellieni","article_modified_time":"2026-02-02T09:01:10+00:00","og_image":[{"width":255,"height":255,"url":"https:\/\/www.istituto-bellieni.it\/wp-content\/uploads\/2026\/01\/mario-marras-trasp-small.jpg","type":"image\/jpeg"}],"twitter_card":"summary_large_image","twitter_misc":{"Est. reading time":"3 minutes"},"schema":{"@context":"https:\/\/schema.org","@graph":[{"@type":"WebPage","@id":"https:\/\/www.istituto-bellieni.it\/sc\/mario-marras\/","url":"https:\/\/www.istituto-bellieni.it\/sc\/mario-marras\/","name":"Mario Marras - Istituto Camillo Bellieni Sassari","isPartOf":{"@id":"https:\/\/www.istituto-bellieni.it\/#website"},"primaryImageOfPage":{"@id":"https:\/\/www.istituto-bellieni.it\/sc\/mario-marras\/#primaryimage"},"image":{"@id":"https:\/\/www.istituto-bellieni.it\/sc\/mario-marras\/#primaryimage"},"thumbnailUrl":"https:\/\/www.istituto-bellieni.it\/wp-content\/uploads\/2026\/01\/mario-marras-trasp-small.jpg","datePublished":"2026-01-21T18:16:52+00:00","dateModified":"2026-02-02T09:01:10+00:00","breadcrumb":{"@id":"https:\/\/www.istituto-bellieni.it\/sc\/mario-marras\/#breadcrumb"},"inLanguage":"sc-SC","potentialAction":[{"@type":"ReadAction","target":["https:\/\/www.istituto-bellieni.it\/sc\/mario-marras\/"]}]},{"@type":"ImageObject","inLanguage":"sc-SC","@id":"https:\/\/www.istituto-bellieni.it\/sc\/mario-marras\/#primaryimage","url":"https:\/\/www.istituto-bellieni.it\/wp-content\/uploads\/2026\/01\/mario-marras-trasp-small.jpg","contentUrl":"https:\/\/www.istituto-bellieni.it\/wp-content\/uploads\/2026\/01\/mario-marras-trasp-small.jpg","width":255,"height":255,"caption":"Mario Marras"},{"@type":"BreadcrumbList","@id":"https:\/\/www.istituto-bellieni.it\/sc\/mario-marras\/#breadcrumb","itemListElement":[{"@type":"ListItem","position":1,"name":"Home","item":"https:\/\/www.istituto-bellieni.it\/sc\/"},{"@type":"ListItem","position":2,"name":"Mario Marras"}]},{"@type":"WebSite","@id":"https:\/\/www.istituto-bellieni.it\/#website","url":"https:\/\/www.istituto-bellieni.it\/","name":"Istituto Camillo Bellieni Sassari","description":"Il sito web dell&#039;Istituto di studi e ricerche Camillo Bellieni di Sassari","publisher":{"@id":"https:\/\/www.istituto-bellieni.it\/#organization"},"potentialAction":[{"@type":"SearchAction","target":{"@type":"EntryPoint","urlTemplate":"https:\/\/www.istituto-bellieni.it\/?s={search_term_string}"},"query-input":{"@type":"PropertyValueSpecification","valueRequired":true,"valueName":"search_term_string"}}],"inLanguage":"sc-SC"},{"@type":"Organization","@id":"https:\/\/www.istituto-bellieni.it\/#organization","name":"Istituto di Studi e Ricerce Camillo Bellieni Sassari","url":"https:\/\/www.istituto-bellieni.it\/","logo":{"@type":"ImageObject","inLanguage":"sc-SC","@id":"https:\/\/www.istituto-bellieni.it\/#\/schema\/logo\/image\/","url":"https:\/\/www.istituto-bellieni.it\/wp-content\/uploads\/2022\/02\/logo-vect.svg","contentUrl":"https:\/\/www.istituto-bellieni.it\/wp-content\/uploads\/2022\/02\/logo-vect.svg","width":305.021,"height":176.34,"caption":"Istituto di Studi e Ricerce Camillo Bellieni Sassari"},"image":{"@id":"https:\/\/www.istituto-bellieni.it\/#\/schema\/logo\/image\/"},"sameAs":["https:\/\/www.facebook.com\/IstitutoBellieni"]}]}},"_links":{"self":[{"href":"https:\/\/www.istituto-bellieni.it\/sc\/wp-json\/wp\/v2\/pages\/31083","targetHints":{"allow":["GET"]}}],"collection":[{"href":"https:\/\/www.istituto-bellieni.it\/sc\/wp-json\/wp\/v2\/pages"}],"about":[{"href":"https:\/\/www.istituto-bellieni.it\/sc\/wp-json\/wp\/v2\/types\/page"}],"author":[{"embeddable":true,"href":"https:\/\/www.istituto-bellieni.it\/sc\/wp-json\/wp\/v2\/users\/1"}],"replies":[{"embeddable":true,"href":"https:\/\/www.istituto-bellieni.it\/sc\/wp-json\/wp\/v2\/comments?post=31083"}],"version-history":[{"count":4,"href":"https:\/\/www.istituto-bellieni.it\/sc\/wp-json\/wp\/v2\/pages\/31083\/revisions"}],"predecessor-version":[{"id":31115,"href":"https:\/\/www.istituto-bellieni.it\/sc\/wp-json\/wp\/v2\/pages\/31083\/revisions\/31115"}],"wp:featuredmedia":[{"embeddable":true,"href":"https:\/\/www.istituto-bellieni.it\/sc\/wp-json\/wp\/v2\/media\/31082"}],"wp:attachment":[{"href":"https:\/\/www.istituto-bellieni.it\/sc\/wp-json\/wp\/v2\/media?parent=31083"}],"curies":[{"name":"wp","href":"https:\/\/api.w.org\/{rel}","templated":true}]}}