{"id":27246,"date":"2022-02-25T23:02:54","date_gmt":"2022-02-25T23:02:54","guid":{"rendered":"https:\/\/www.istituto-bellieni.it\/prodotto\/sustenidore-base\/"},"modified":"2026-02-16T11:43:26","modified_gmt":"2026-02-16T11:43:26","slug":"tessera-sustenidore-base","status":"publish","type":"product","link":"https:\/\/www.istituto-bellieni.it\/sc\/prodotto\/tessera-sustenidore-base\/","title":{"rendered":"Sustenidore BASE"},"content":{"rendered":"","protected":false},"excerpt":{"rendered":"<p>Diventa parte de sa comunidade nostra e agiuda a valorizare sa cultura e sas traditziones sardas!<\/p>\n<p>Cun sa T\u00e8ssera Sustenidore BASE as a retzire una b\u00f9scia in tela cun unu prov\u00e8rbiu in sardu o<br \/>tataresu, perfeta pro \u00e0ere semper cun tegus unu b\u00ecculu de sa cultura nostra.<\/p>\n<p>Sa t\u00e8ssera incluit UNU de sos s\u00e8beros chi sighint:<br \/>\n\u2705 Agenda Is.Be de p\u00f2nnere in busciaca e una pinna personalizada Is.Be<br \/>\n\u2705 Su CD \u201cLe Musiche di Antonio Simon Mossa\u201d<br \/>\n\u2705 Una publicatzione Is.Be noa cun una pinna personalizada Is.Be<\/p>\n<p>Agiuda\u00b7nos e auni\u00b7ti a nois pro pom\u00f2vere s\u2019identidade culturale nostra.<\/p>\n","protected":false},"featured_media":31170,"template":"","meta":[],"product_brand":[],"product_cat":[125],"product_tag":[],"class_list":{"0":"post-27246","1":"product","2":"type-product","3":"status-publish","4":"has-post-thumbnail","6":"product_cat-tessera-sustenidore","8":"first","9":"instock","10":"virtual","11":"purchasable","12":"product-type-simple"},"yoast_head":"<!-- This site is optimized with the Yoast SEO plugin v27.4 - https:\/\/yoast.com\/product\/yoast-seo-wordpress\/ -->\n<title>Sustenidore BASE - Istituto Camillo Bellieni Sassari<\/title>\n<meta name=\"robots\" content=\"index, follow, max-snippet:-1, max-image-preview:large, max-video-preview:-1\" \/>\n<link rel=\"canonical\" href=\"https:\/\/www.istituto-bellieni.it\/sc\/prodotto\/tessera-sustenidore-base\/\" \/>\n<meta property=\"og:locale\" content=\"en_US\" \/>\n<meta property=\"og:type\" content=\"article\" \/>\n<meta property=\"og:title\" content=\"Sustenidore BASE - Istituto Camillo Bellieni Sassari\" \/>\n<meta property=\"og:description\" content=\"Diventa parte de sa comunidade nostra e agiuda a valorizare sa cultura e sas traditziones sardas! Cun sa T\u00e8ssera Sustenidore BASE as a retzire una b\u00f9scia in tela cun unu prov\u00e8rbiu in sardu otataresu, perfeta pro \u00e0ere semper cun tegus unu b\u00ecculu de sa cultura nostra. Sa t\u00e8ssera incluit UNU de sos s\u00e8beros chi sighint: \u2705 Agenda Is.Be de p\u00f2nnere in busciaca e una pinna personalizada Is.Be \u2705 Su CD \u201cLe Musiche di Antonio Simon Mossa\u201d \u2705 Una publicatzione Is.Be noa cun una pinna personalizada Is.Be Agiuda\u00b7nos e auni\u00b7ti a nois pro pom\u00f2vere s\u2019identidade culturale nostra.\" \/>\n<meta property=\"og:url\" content=\"https:\/\/www.istituto-bellieni.it\/sc\/prodotto\/tessera-sustenidore-base\/\" \/>\n<meta property=\"og:site_name\" content=\"Istituto Camillo Bellieni Sassari\" \/>\n<meta property=\"article:publisher\" content=\"https:\/\/www.facebook.com\/IstitutoBellieni\" \/>\n<meta property=\"article:modified_time\" content=\"2026-02-16T11:43:26+00:00\" \/>\n<meta property=\"og:image\" content=\"https:\/\/www.istituto-bellieni.it\/wp-content\/uploads\/2022\/02\/tessera-base-2026.jpg\" \/>\n\t<meta property=\"og:image:width\" content=\"800\" \/>\n\t<meta property=\"og:image:height\" content=\"533\" \/>\n\t<meta property=\"og:image:type\" content=\"image\/jpeg\" \/>\n<meta name=\"twitter:card\" content=\"summary_large_image\" \/>\n<script type=\"application\/ld+json\" class=\"yoast-schema-graph\">{\"@context\":\"https:\\\/\\\/schema.org\",\"@graph\":[{\"@type\":\"WebPage\",\"@id\":\"https:\\\/\\\/www.istituto-bellieni.it\\\/sc\\\/prodotto\\\/tessera-sustenidore-base\\\/\",\"url\":\"https:\\\/\\\/www.istituto-bellieni.it\\\/sc\\\/prodotto\\\/tessera-sustenidore-base\\\/\",\"name\":\"Sustenidore BASE - Istituto Camillo Bellieni Sassari\",\"isPartOf\":{\"@id\":\"https:\\\/\\\/www.istituto-bellieni.it\\\/#website\"},\"primaryImageOfPage\":{\"@id\":\"https:\\\/\\\/www.istituto-bellieni.it\\\/sc\\\/prodotto\\\/tessera-sustenidore-base\\\/#primaryimage\"},\"image\":{\"@id\":\"https:\\\/\\\/www.istituto-bellieni.it\\\/sc\\\/prodotto\\\/tessera-sustenidore-base\\\/#primaryimage\"},\"thumbnailUrl\":\"https:\\\/\\\/www.istituto-bellieni.it\\\/wp-content\\\/uploads\\\/2022\\\/02\\\/tessera-base-2026.jpg\",\"datePublished\":\"2022-02-25T23:02:54+00:00\",\"dateModified\":\"2026-02-16T11:43:26+00:00\",\"breadcrumb\":{\"@id\":\"https:\\\/\\\/www.istituto-bellieni.it\\\/sc\\\/prodotto\\\/tessera-sustenidore-base\\\/#breadcrumb\"},\"inLanguage\":\"sc-SC\",\"potentialAction\":[{\"@type\":\"ReadAction\",\"target\":[\"https:\\\/\\\/www.istituto-bellieni.it\\\/sc\\\/prodotto\\\/tessera-sustenidore-base\\\/\"]}]},{\"@type\":\"ImageObject\",\"inLanguage\":\"sc-SC\",\"@id\":\"https:\\\/\\\/www.istituto-bellieni.it\\\/sc\\\/prodotto\\\/tessera-sustenidore-base\\\/#primaryimage\",\"url\":\"https:\\\/\\\/www.istituto-bellieni.it\\\/wp-content\\\/uploads\\\/2022\\\/02\\\/tessera-base-2026.jpg\",\"contentUrl\":\"https:\\\/\\\/www.istituto-bellieni.it\\\/wp-content\\\/uploads\\\/2022\\\/02\\\/tessera-base-2026.jpg\",\"width\":800,\"height\":533,\"caption\":\"Tessera Base 2026\"},{\"@type\":\"BreadcrumbList\",\"@id\":\"https:\\\/\\\/www.istituto-bellieni.it\\\/sc\\\/prodotto\\\/tessera-sustenidore-base\\\/#breadcrumb\",\"itemListElement\":[{\"@type\":\"ListItem\",\"position\":1,\"name\":\"Home\",\"item\":\"https:\\\/\\\/www.istituto-bellieni.it\\\/sc\\\/\"},{\"@type\":\"ListItem\",\"position\":2,\"name\":\"Shop\",\"item\":\"https:\\\/\\\/www.istituto-bellieni.it\\\/shop\\\/\"},{\"@type\":\"ListItem\",\"position\":3,\"name\":\"Sustenidore BASE\"}]},{\"@type\":\"WebSite\",\"@id\":\"https:\\\/\\\/www.istituto-bellieni.it\\\/#website\",\"url\":\"https:\\\/\\\/www.istituto-bellieni.it\\\/\",\"name\":\"Istituto Camillo Bellieni Sassari\",\"description\":\"Il sito web dell&#039;Istituto di studi e ricerche Camillo Bellieni di Sassari\",\"publisher\":{\"@id\":\"https:\\\/\\\/www.istituto-bellieni.it\\\/#organization\"},\"potentialAction\":[{\"@type\":\"SearchAction\",\"target\":{\"@type\":\"EntryPoint\",\"urlTemplate\":\"https:\\\/\\\/www.istituto-bellieni.it\\\/?s={search_term_string}\"},\"query-input\":{\"@type\":\"PropertyValueSpecification\",\"valueRequired\":true,\"valueName\":\"search_term_string\"}}],\"inLanguage\":\"sc-SC\"},{\"@type\":\"Organization\",\"@id\":\"https:\\\/\\\/www.istituto-bellieni.it\\\/#organization\",\"name\":\"Istituto di Studi e Ricerce Camillo Bellieni Sassari\",\"url\":\"https:\\\/\\\/www.istituto-bellieni.it\\\/\",\"logo\":{\"@type\":\"ImageObject\",\"inLanguage\":\"sc-SC\",\"@id\":\"https:\\\/\\\/www.istituto-bellieni.it\\\/#\\\/schema\\\/logo\\\/image\\\/\",\"url\":\"https:\\\/\\\/www.istituto-bellieni.it\\\/wp-content\\\/uploads\\\/2022\\\/02\\\/logo-vect.svg\",\"contentUrl\":\"https:\\\/\\\/www.istituto-bellieni.it\\\/wp-content\\\/uploads\\\/2022\\\/02\\\/logo-vect.svg\",\"width\":305.021,\"height\":176.34,\"caption\":\"Istituto di Studi e Ricerce Camillo Bellieni Sassari\"},\"image\":{\"@id\":\"https:\\\/\\\/www.istituto-bellieni.it\\\/#\\\/schema\\\/logo\\\/image\\\/\"},\"sameAs\":[\"https:\\\/\\\/www.facebook.com\\\/IstitutoBellieni\"]}]}<\/script>\n<!-- \/ Yoast SEO plugin. -->","yoast_head_json":{"title":"Sustenidore BASE - Istituto Camillo Bellieni Sassari","robots":{"index":"index","follow":"follow","max-snippet":"max-snippet:-1","max-image-preview":"max-image-preview:large","max-video-preview":"max-video-preview:-1"},"canonical":"https:\/\/www.istituto-bellieni.it\/sc\/prodotto\/tessera-sustenidore-base\/","og_locale":"en_US","og_type":"article","og_title":"Sustenidore BASE - Istituto Camillo Bellieni Sassari","og_description":"Diventa parte de sa comunidade nostra e agiuda a valorizare sa cultura e sas traditziones sardas! Cun sa T\u00e8ssera Sustenidore BASE as a retzire una b\u00f9scia in tela cun unu prov\u00e8rbiu in sardu otataresu, perfeta pro \u00e0ere semper cun tegus unu b\u00ecculu de sa cultura nostra. Sa t\u00e8ssera incluit UNU de sos s\u00e8beros chi sighint: \u2705 Agenda Is.Be de p\u00f2nnere in busciaca e una pinna personalizada Is.Be \u2705 Su CD \u201cLe Musiche di Antonio Simon Mossa\u201d \u2705 Una publicatzione Is.Be noa cun una pinna personalizada Is.Be Agiuda\u00b7nos e auni\u00b7ti a nois pro pom\u00f2vere s\u2019identidade culturale nostra.","og_url":"https:\/\/www.istituto-bellieni.it\/sc\/prodotto\/tessera-sustenidore-base\/","og_site_name":"Istituto Camillo Bellieni Sassari","article_publisher":"https:\/\/www.facebook.com\/IstitutoBellieni","article_modified_time":"2026-02-16T11:43:26+00:00","og_image":[{"width":800,"height":533,"url":"https:\/\/www.istituto-bellieni.it\/wp-content\/uploads\/2022\/02\/tessera-base-2026.jpg","type":"image\/jpeg"}],"twitter_card":"summary_large_image","schema":{"@context":"https:\/\/schema.org","@graph":[{"@type":"WebPage","@id":"https:\/\/www.istituto-bellieni.it\/sc\/prodotto\/tessera-sustenidore-base\/","url":"https:\/\/www.istituto-bellieni.it\/sc\/prodotto\/tessera-sustenidore-base\/","name":"Sustenidore BASE - Istituto Camillo Bellieni Sassari","isPartOf":{"@id":"https:\/\/www.istituto-bellieni.it\/#website"},"primaryImageOfPage":{"@id":"https:\/\/www.istituto-bellieni.it\/sc\/prodotto\/tessera-sustenidore-base\/#primaryimage"},"image":{"@id":"https:\/\/www.istituto-bellieni.it\/sc\/prodotto\/tessera-sustenidore-base\/#primaryimage"},"thumbnailUrl":"https:\/\/www.istituto-bellieni.it\/wp-content\/uploads\/2022\/02\/tessera-base-2026.jpg","datePublished":"2022-02-25T23:02:54+00:00","dateModified":"2026-02-16T11:43:26+00:00","breadcrumb":{"@id":"https:\/\/www.istituto-bellieni.it\/sc\/prodotto\/tessera-sustenidore-base\/#breadcrumb"},"inLanguage":"sc-SC","potentialAction":[{"@type":"ReadAction","target":["https:\/\/www.istituto-bellieni.it\/sc\/prodotto\/tessera-sustenidore-base\/"]}]},{"@type":"ImageObject","inLanguage":"sc-SC","@id":"https:\/\/www.istituto-bellieni.it\/sc\/prodotto\/tessera-sustenidore-base\/#primaryimage","url":"https:\/\/www.istituto-bellieni.it\/wp-content\/uploads\/2022\/02\/tessera-base-2026.jpg","contentUrl":"https:\/\/www.istituto-bellieni.it\/wp-content\/uploads\/2022\/02\/tessera-base-2026.jpg","width":800,"height":533,"caption":"Tessera Base 2026"},{"@type":"BreadcrumbList","@id":"https:\/\/www.istituto-bellieni.it\/sc\/prodotto\/tessera-sustenidore-base\/#breadcrumb","itemListElement":[{"@type":"ListItem","position":1,"name":"Home","item":"https:\/\/www.istituto-bellieni.it\/sc\/"},{"@type":"ListItem","position":2,"name":"Shop","item":"https:\/\/www.istituto-bellieni.it\/shop\/"},{"@type":"ListItem","position":3,"name":"Sustenidore BASE"}]},{"@type":"WebSite","@id":"https:\/\/www.istituto-bellieni.it\/#website","url":"https:\/\/www.istituto-bellieni.it\/","name":"Istituto Camillo Bellieni Sassari","description":"Il sito web dell&#039;Istituto di studi e ricerche Camillo Bellieni di Sassari","publisher":{"@id":"https:\/\/www.istituto-bellieni.it\/#organization"},"potentialAction":[{"@type":"SearchAction","target":{"@type":"EntryPoint","urlTemplate":"https:\/\/www.istituto-bellieni.it\/?s={search_term_string}"},"query-input":{"@type":"PropertyValueSpecification","valueRequired":true,"valueName":"search_term_string"}}],"inLanguage":"sc-SC"},{"@type":"Organization","@id":"https:\/\/www.istituto-bellieni.it\/#organization","name":"Istituto di Studi e Ricerce Camillo Bellieni Sassari","url":"https:\/\/www.istituto-bellieni.it\/","logo":{"@type":"ImageObject","inLanguage":"sc-SC","@id":"https:\/\/www.istituto-bellieni.it\/#\/schema\/logo\/image\/","url":"https:\/\/www.istituto-bellieni.it\/wp-content\/uploads\/2022\/02\/logo-vect.svg","contentUrl":"https:\/\/www.istituto-bellieni.it\/wp-content\/uploads\/2022\/02\/logo-vect.svg","width":305.021,"height":176.34,"caption":"Istituto di Studi e Ricerce Camillo Bellieni Sassari"},"image":{"@id":"https:\/\/www.istituto-bellieni.it\/#\/schema\/logo\/image\/"},"sameAs":["https:\/\/www.facebook.com\/IstitutoBellieni"]}]}},"_links":{"self":[{"href":"https:\/\/www.istituto-bellieni.it\/sc\/wp-json\/wp\/v2\/product\/27246","targetHints":{"allow":["GET"]}}],"collection":[{"href":"https:\/\/www.istituto-bellieni.it\/sc\/wp-json\/wp\/v2\/product"}],"about":[{"href":"https:\/\/www.istituto-bellieni.it\/sc\/wp-json\/wp\/v2\/types\/product"}],"version-history":[{"count":5,"href":"https:\/\/www.istituto-bellieni.it\/sc\/wp-json\/wp\/v2\/product\/27246\/revisions"}],"predecessor-version":[{"id":31174,"href":"https:\/\/www.istituto-bellieni.it\/sc\/wp-json\/wp\/v2\/product\/27246\/revisions\/31174"}],"wp:featuredmedia":[{"embeddable":true,"href":"https:\/\/www.istituto-bellieni.it\/sc\/wp-json\/wp\/v2\/media\/31170"}],"wp:attachment":[{"href":"https:\/\/www.istituto-bellieni.it\/sc\/wp-json\/wp\/v2\/media?parent=27246"}],"wp:term":[{"taxonomy":"product_brand","embeddable":true,"href":"https:\/\/www.istituto-bellieni.it\/sc\/wp-json\/wp\/v2\/product_brand?post=27246"},{"taxonomy":"product_cat","embeddable":true,"href":"https:\/\/www.istituto-bellieni.it\/sc\/wp-json\/wp\/v2\/product_cat?post=27246"},{"taxonomy":"product_tag","embeddable":true,"href":"https:\/\/www.istituto-bellieni.it\/sc\/wp-json\/wp\/v2\/product_tag?post=27246"}],"curies":[{"name":"wp","href":"https:\/\/api.w.org\/{rel}","templated":true}]}}