{"id":27250,"date":"2022-02-25T23:14:44","date_gmt":"2022-02-25T23:14:44","guid":{"rendered":"https:\/\/www.istituto-bellieni.it\/prodotto\/tessera-sustenidore-plus\/"},"modified":"2026-02-16T12:06:18","modified_gmt":"2026-02-16T12:06:18","slug":"tessera-sustenidore-plus","status":"publish","type":"product","link":"https:\/\/www.istituto-bellieni.it\/sc\/prodotto\/tessera-sustenidore-plus\/","title":{"rendered":"T\u00e8ssera Sustenidore PLUS"},"content":{"rendered":"","protected":false},"excerpt":{"rendered":"<p>Cun sa T\u00e8ssera Sustenidore PLUS non solu as a partetzipare a manera ativa a sa valorizatzione de s\u2019identidade culturale sarda, ma as a retzire puru tem\u00e0ticas esclusivas pro aprofundire s\u2019ist\u00f2ria nostra, sa limba e su pensu de sas dies de oe.<\/p>\n<p>Seberare sa PLUS cheret n\u00e0rrere a sust\u00e8nnere unu progetu culturale cumpartzidu e div\u00e8nnere protagonista de sa cr\u00e8schida sua.<\/p>\n<p>Ite as a retzire?<\/p>\n<p>\u2705 Una b\u00f9scia in tela cun unu prov\u00e8rbiu in sardu o tataresu.<br \/>\n\u2705 Materiales culturales esclusivos, seletzionados intre a percursos tem\u00e0ticos de valore artu.<\/p>\n<p>Sa t\u00e8ssera incluit UNU de sos s\u00e8beros chi sighint:<br \/>\n&#8211; CD \u201cLe musiche di Antonio Simon Mossa\u201d (cun Dimandas, poesia de Michele Pinna, musicada e cantada dae Beppe Dettori) E Sesuja (editzione 2023)<br \/>\n&#8211; \u201cCoscienza culturale e filosofie della storia in Sardegna nell\u2019et\u00e0 moderna e contemporanea\u201d de Michele Pinna &#8211; Collana \u201cPensieri sardisti | 1 e \u201cCategorie, influenze, costanti e punti di svolta della \u201cquestione sarda\u201d Collana \u201cPensieri sardisti\u201d<br \/>\n&#8211; Luigi Nieddu \u201cDal Mito alla Storia\u201d, Luigi Nieddu \u201cL\u2019altro Gramsci\u201d a incuru de Alberto Contu.<\/p>\n<p>Auni\u00b7ti a nois e agiuda a manera cuncreta sa valorizatzione de sa cultura sarda, in sa variedade lingu\u00ecstica sua e de su pensu cr\u00ecticu suo.<\/p>\n","protected":false},"featured_media":0,"template":"","meta":[],"product_brand":[],"product_cat":[125],"product_tag":[],"class_list":{"0":"post-27250","1":"product","2":"type-product","3":"status-publish","5":"product_cat-tessera-sustenidore","7":"first","8":"instock","9":"virtual","10":"purchasable","11":"product-type-simple"},"yoast_head":"<!-- This site is optimized with the Yoast SEO plugin v27.4 - https:\/\/yoast.com\/product\/yoast-seo-wordpress\/ -->\n<title>T\u00e8ssera Sustenidore PLUS - Istituto Camillo Bellieni Sassari<\/title>\n<meta name=\"robots\" content=\"index, follow, max-snippet:-1, max-image-preview:large, max-video-preview:-1\" \/>\n<link rel=\"canonical\" href=\"https:\/\/www.istituto-bellieni.it\/sc\/prodotto\/tessera-sustenidore-plus\/\" \/>\n<meta property=\"og:locale\" content=\"en_US\" \/>\n<meta property=\"og:type\" content=\"article\" \/>\n<meta property=\"og:title\" content=\"T\u00e8ssera Sustenidore PLUS - Istituto Camillo Bellieni Sassari\" \/>\n<meta property=\"og:description\" content=\"Cun sa T\u00e8ssera Sustenidore PLUS non solu as a partetzipare a manera ativa a sa valorizatzione de s\u2019identidade culturale sarda, ma as a retzire puru tem\u00e0ticas esclusivas pro aprofundire s\u2019ist\u00f2ria nostra, sa limba e su pensu de sas dies de oe. Seberare sa PLUS cheret n\u00e0rrere a sust\u00e8nnere unu progetu culturale cumpartzidu e div\u00e8nnere protagonista de sa cr\u00e8schida sua. Ite as a retzire? \u2705 Una b\u00f9scia in tela cun unu prov\u00e8rbiu in sardu o tataresu. \u2705 Materiales culturales esclusivos, seletzionados intre a percursos tem\u00e0ticos de valore artu. Sa t\u00e8ssera incluit UNU de sos s\u00e8beros chi sighint: - CD \u201cLe musiche di Antonio Simon Mossa\u201d (cun Dimandas, poesia de Michele Pinna, musicada e cantada dae Beppe Dettori) E Sesuja (editzione 2023) - \u201cCoscienza culturale e filosofie della storia in Sardegna nell\u2019et\u00e0 moderna e contemporanea\u201d de Michele Pinna - Collana \u201cPensieri sardisti | 1 e \u201cCategorie, influenze, costanti e punti di svolta della \u201cquestione sarda\u201d Collana \u201cPensieri sardisti\u201d - Luigi Nieddu \u201cDal Mito alla Storia\u201d, Luigi Nieddu \u201cL\u2019altro Gramsci\u201d a incuru de Alberto Contu. Auni\u00b7ti a nois e agiuda a manera cuncreta sa valorizatzione de sa cultura sarda, in sa variedade lingu\u00ecstica sua e de su pensu cr\u00ecticu suo.\" \/>\n<meta property=\"og:url\" content=\"https:\/\/www.istituto-bellieni.it\/sc\/prodotto\/tessera-sustenidore-plus\/\" \/>\n<meta property=\"og:site_name\" content=\"Istituto Camillo Bellieni Sassari\" \/>\n<meta property=\"article:publisher\" content=\"https:\/\/www.facebook.com\/IstitutoBellieni\" \/>\n<meta property=\"article:modified_time\" content=\"2026-02-16T12:06:18+00:00\" \/>\n<meta property=\"og:image\" content=\"https:\/\/www.istituto-bellieni.it\/wp-content\/uploads\/2022\/02\/tessera-plus-2026.jpg\" \/>\n\t<meta property=\"og:image:width\" content=\"800\" \/>\n\t<meta property=\"og:image:height\" content=\"533\" \/>\n\t<meta property=\"og:image:type\" content=\"image\/jpeg\" \/>\n<meta name=\"twitter:card\" content=\"summary_large_image\" \/>\n<script type=\"application\/ld+json\" class=\"yoast-schema-graph\">{\"@context\":\"https:\\\/\\\/schema.org\",\"@graph\":[{\"@type\":\"WebPage\",\"@id\":\"https:\\\/\\\/www.istituto-bellieni.it\\\/sc\\\/prodotto\\\/tessera-sustenidore-plus\\\/\",\"url\":\"https:\\\/\\\/www.istituto-bellieni.it\\\/sc\\\/prodotto\\\/tessera-sustenidore-plus\\\/\",\"name\":\"T\u00e8ssera Sustenidore PLUS - Istituto Camillo Bellieni Sassari\",\"isPartOf\":{\"@id\":\"https:\\\/\\\/www.istituto-bellieni.it\\\/#website\"},\"datePublished\":\"2022-02-25T23:14:44+00:00\",\"dateModified\":\"2026-02-16T12:06:18+00:00\",\"breadcrumb\":{\"@id\":\"https:\\\/\\\/www.istituto-bellieni.it\\\/sc\\\/prodotto\\\/tessera-sustenidore-plus\\\/#breadcrumb\"},\"inLanguage\":\"sc-SC\",\"potentialAction\":[{\"@type\":\"ReadAction\",\"target\":[\"https:\\\/\\\/www.istituto-bellieni.it\\\/sc\\\/prodotto\\\/tessera-sustenidore-plus\\\/\"]}]},{\"@type\":\"BreadcrumbList\",\"@id\":\"https:\\\/\\\/www.istituto-bellieni.it\\\/sc\\\/prodotto\\\/tessera-sustenidore-plus\\\/#breadcrumb\",\"itemListElement\":[{\"@type\":\"ListItem\",\"position\":1,\"name\":\"Home\",\"item\":\"https:\\\/\\\/www.istituto-bellieni.it\\\/sc\\\/\"},{\"@type\":\"ListItem\",\"position\":2,\"name\":\"Shop\",\"item\":\"https:\\\/\\\/www.istituto-bellieni.it\\\/shop\\\/\"},{\"@type\":\"ListItem\",\"position\":3,\"name\":\"T\u00e8ssera Sustenidore PLUS\"}]},{\"@type\":\"WebSite\",\"@id\":\"https:\\\/\\\/www.istituto-bellieni.it\\\/#website\",\"url\":\"https:\\\/\\\/www.istituto-bellieni.it\\\/\",\"name\":\"Istituto Camillo Bellieni Sassari\",\"description\":\"Il sito web dell&#039;Istituto di studi e ricerche Camillo Bellieni di Sassari\",\"publisher\":{\"@id\":\"https:\\\/\\\/www.istituto-bellieni.it\\\/#organization\"},\"potentialAction\":[{\"@type\":\"SearchAction\",\"target\":{\"@type\":\"EntryPoint\",\"urlTemplate\":\"https:\\\/\\\/www.istituto-bellieni.it\\\/?s={search_term_string}\"},\"query-input\":{\"@type\":\"PropertyValueSpecification\",\"valueRequired\":true,\"valueName\":\"search_term_string\"}}],\"inLanguage\":\"sc-SC\"},{\"@type\":\"Organization\",\"@id\":\"https:\\\/\\\/www.istituto-bellieni.it\\\/#organization\",\"name\":\"Istituto di Studi e Ricerce Camillo Bellieni Sassari\",\"url\":\"https:\\\/\\\/www.istituto-bellieni.it\\\/\",\"logo\":{\"@type\":\"ImageObject\",\"inLanguage\":\"sc-SC\",\"@id\":\"https:\\\/\\\/www.istituto-bellieni.it\\\/#\\\/schema\\\/logo\\\/image\\\/\",\"url\":\"https:\\\/\\\/www.istituto-bellieni.it\\\/wp-content\\\/uploads\\\/2022\\\/02\\\/logo-vect.svg\",\"contentUrl\":\"https:\\\/\\\/www.istituto-bellieni.it\\\/wp-content\\\/uploads\\\/2022\\\/02\\\/logo-vect.svg\",\"width\":305.021,\"height\":176.34,\"caption\":\"Istituto di Studi e Ricerce Camillo Bellieni Sassari\"},\"image\":{\"@id\":\"https:\\\/\\\/www.istituto-bellieni.it\\\/#\\\/schema\\\/logo\\\/image\\\/\"},\"sameAs\":[\"https:\\\/\\\/www.facebook.com\\\/IstitutoBellieni\"]}]}<\/script>\n<!-- \/ Yoast SEO plugin. -->","yoast_head_json":{"title":"T\u00e8ssera Sustenidore PLUS - Istituto Camillo Bellieni Sassari","robots":{"index":"index","follow":"follow","max-snippet":"max-snippet:-1","max-image-preview":"max-image-preview:large","max-video-preview":"max-video-preview:-1"},"canonical":"https:\/\/www.istituto-bellieni.it\/sc\/prodotto\/tessera-sustenidore-plus\/","og_locale":"en_US","og_type":"article","og_title":"T\u00e8ssera Sustenidore PLUS - Istituto Camillo Bellieni Sassari","og_description":"Cun sa T\u00e8ssera Sustenidore PLUS non solu as a partetzipare a manera ativa a sa valorizatzione de s\u2019identidade culturale sarda, ma as a retzire puru tem\u00e0ticas esclusivas pro aprofundire s\u2019ist\u00f2ria nostra, sa limba e su pensu de sas dies de oe. Seberare sa PLUS cheret n\u00e0rrere a sust\u00e8nnere unu progetu culturale cumpartzidu e div\u00e8nnere protagonista de sa cr\u00e8schida sua. Ite as a retzire? \u2705 Una b\u00f9scia in tela cun unu prov\u00e8rbiu in sardu o tataresu. \u2705 Materiales culturales esclusivos, seletzionados intre a percursos tem\u00e0ticos de valore artu. Sa t\u00e8ssera incluit UNU de sos s\u00e8beros chi sighint: - CD \u201cLe musiche di Antonio Simon Mossa\u201d (cun Dimandas, poesia de Michele Pinna, musicada e cantada dae Beppe Dettori) E Sesuja (editzione 2023) - \u201cCoscienza culturale e filosofie della storia in Sardegna nell\u2019et\u00e0 moderna e contemporanea\u201d de Michele Pinna - Collana \u201cPensieri sardisti | 1 e \u201cCategorie, influenze, costanti e punti di svolta della \u201cquestione sarda\u201d Collana \u201cPensieri sardisti\u201d - Luigi Nieddu \u201cDal Mito alla Storia\u201d, Luigi Nieddu \u201cL\u2019altro Gramsci\u201d a incuru de Alberto Contu. Auni\u00b7ti a nois e agiuda a manera cuncreta sa valorizatzione de sa cultura sarda, in sa variedade lingu\u00ecstica sua e de su pensu cr\u00ecticu suo.","og_url":"https:\/\/www.istituto-bellieni.it\/sc\/prodotto\/tessera-sustenidore-plus\/","og_site_name":"Istituto Camillo Bellieni Sassari","article_publisher":"https:\/\/www.facebook.com\/IstitutoBellieni","article_modified_time":"2026-02-16T12:06:18+00:00","og_image":[{"width":800,"height":533,"url":"https:\/\/www.istituto-bellieni.it\/wp-content\/uploads\/2022\/02\/tessera-plus-2026.jpg","type":"image\/jpeg"}],"twitter_card":"summary_large_image","schema":{"@context":"https:\/\/schema.org","@graph":[{"@type":"WebPage","@id":"https:\/\/www.istituto-bellieni.it\/sc\/prodotto\/tessera-sustenidore-plus\/","url":"https:\/\/www.istituto-bellieni.it\/sc\/prodotto\/tessera-sustenidore-plus\/","name":"T\u00e8ssera Sustenidore PLUS - Istituto Camillo Bellieni Sassari","isPartOf":{"@id":"https:\/\/www.istituto-bellieni.it\/#website"},"datePublished":"2022-02-25T23:14:44+00:00","dateModified":"2026-02-16T12:06:18+00:00","breadcrumb":{"@id":"https:\/\/www.istituto-bellieni.it\/sc\/prodotto\/tessera-sustenidore-plus\/#breadcrumb"},"inLanguage":"sc-SC","potentialAction":[{"@type":"ReadAction","target":["https:\/\/www.istituto-bellieni.it\/sc\/prodotto\/tessera-sustenidore-plus\/"]}]},{"@type":"BreadcrumbList","@id":"https:\/\/www.istituto-bellieni.it\/sc\/prodotto\/tessera-sustenidore-plus\/#breadcrumb","itemListElement":[{"@type":"ListItem","position":1,"name":"Home","item":"https:\/\/www.istituto-bellieni.it\/sc\/"},{"@type":"ListItem","position":2,"name":"Shop","item":"https:\/\/www.istituto-bellieni.it\/shop\/"},{"@type":"ListItem","position":3,"name":"T\u00e8ssera Sustenidore PLUS"}]},{"@type":"WebSite","@id":"https:\/\/www.istituto-bellieni.it\/#website","url":"https:\/\/www.istituto-bellieni.it\/","name":"Istituto Camillo Bellieni Sassari","description":"Il sito web dell&#039;Istituto di studi e ricerche Camillo Bellieni di Sassari","publisher":{"@id":"https:\/\/www.istituto-bellieni.it\/#organization"},"potentialAction":[{"@type":"SearchAction","target":{"@type":"EntryPoint","urlTemplate":"https:\/\/www.istituto-bellieni.it\/?s={search_term_string}"},"query-input":{"@type":"PropertyValueSpecification","valueRequired":true,"valueName":"search_term_string"}}],"inLanguage":"sc-SC"},{"@type":"Organization","@id":"https:\/\/www.istituto-bellieni.it\/#organization","name":"Istituto di Studi e Ricerce Camillo Bellieni Sassari","url":"https:\/\/www.istituto-bellieni.it\/","logo":{"@type":"ImageObject","inLanguage":"sc-SC","@id":"https:\/\/www.istituto-bellieni.it\/#\/schema\/logo\/image\/","url":"https:\/\/www.istituto-bellieni.it\/wp-content\/uploads\/2022\/02\/logo-vect.svg","contentUrl":"https:\/\/www.istituto-bellieni.it\/wp-content\/uploads\/2022\/02\/logo-vect.svg","width":305.021,"height":176.34,"caption":"Istituto di Studi e Ricerce Camillo Bellieni Sassari"},"image":{"@id":"https:\/\/www.istituto-bellieni.it\/#\/schema\/logo\/image\/"},"sameAs":["https:\/\/www.facebook.com\/IstitutoBellieni"]}]}},"_links":{"self":[{"href":"https:\/\/www.istituto-bellieni.it\/sc\/wp-json\/wp\/v2\/product\/27250","targetHints":{"allow":["GET"]}}],"collection":[{"href":"https:\/\/www.istituto-bellieni.it\/sc\/wp-json\/wp\/v2\/product"}],"about":[{"href":"https:\/\/www.istituto-bellieni.it\/sc\/wp-json\/wp\/v2\/types\/product"}],"version-history":[{"count":2,"href":"https:\/\/www.istituto-bellieni.it\/sc\/wp-json\/wp\/v2\/product\/27250\/revisions"}],"predecessor-version":[{"id":31177,"href":"https:\/\/www.istituto-bellieni.it\/sc\/wp-json\/wp\/v2\/product\/27250\/revisions\/31177"}],"wp:attachment":[{"href":"https:\/\/www.istituto-bellieni.it\/sc\/wp-json\/wp\/v2\/media?parent=27250"}],"wp:term":[{"taxonomy":"product_brand","embeddable":true,"href":"https:\/\/www.istituto-bellieni.it\/sc\/wp-json\/wp\/v2\/product_brand?post=27250"},{"taxonomy":"product_cat","embeddable":true,"href":"https:\/\/www.istituto-bellieni.it\/sc\/wp-json\/wp\/v2\/product_cat?post=27250"},{"taxonomy":"product_tag","embeddable":true,"href":"https:\/\/www.istituto-bellieni.it\/sc\/wp-json\/wp\/v2\/product_tag?post=27250"}],"curies":[{"name":"wp","href":"https:\/\/api.w.org\/{rel}","templated":true}]}}