{"id":27253,"date":"2022-02-25T23:17:15","date_gmt":"2022-02-25T23:17:15","guid":{"rendered":"https:\/\/www.istituto-bellieni.it\/prodotto\/tessera-sustenidore-special\/"},"modified":"2026-02-16T12:27:24","modified_gmt":"2026-02-16T12:27:24","slug":"tessera-sustenidore-special","status":"publish","type":"product","link":"https:\/\/www.istituto-bellieni.it\/sc\/prodotto\/tessera-sustenidore-special\/","title":{"rendered":"T\u00e8ssera Sustenidore SPECIAL"},"content":{"rendered":"","protected":false},"excerpt":{"rendered":"<p>Cun su contributo tuo nos as a agiudare a isp\u00e0rghere e valorizare su patrim\u00f2nio culturale sardu, agiudende sa chirca, sa produtzione editoriale e sa promotzione de su pensu cr\u00ecticu de sas dies de oe.<\/p>\n<p>S\u00e8bera sa T\u00e8ssera Sustenidore SPECIAL e diventa parte ativa de custu percursu.<\/p>\n<p>Ite as a retzire:<\/p>\n<p>\u2705 Una b\u00f9scia in tela cun unu prov\u00e8rbiu in sardu o tataresu, perfeta pro \u00e0ere semper cun tegus unu signu de s\u2019identidade nostra.<br \/>\n\u2705 Publicatziones culturales seletzionados dae s\u2019Is.Be, de valore ist\u00f2ricu lingu\u00ecsticu e filos\u00f2ficu artu<\/p>\n<p>Sa t\u00e8ssera incluit UNU de sos s\u00e8beros chi sighint:<br \/>\n&#8211; \u201cSama Lu Mannu\u201d, \u201cLo standard ortografico sassarese\u201d e \u201cL\u2019intragni segreti\u201d \u2013 libru de poesias in sassarese de Cinzia Cossu.<br \/>\n&#8211; \u201cL\u2019Inquieto esistere\u201d, \u201cMilla movende\u201d, \u201cPoetosofia ovvero del pensiero portante\u201d e \u201cI colori di Eros\u201d de Michele Pinna<br \/>\n&#8211; Sos 5 \u201cQuaderni di Filosofia\u201d, a incuru de Michele Pinna e Daniela Masia Urgu<br \/>\n&#8211; Sas 5 rivistas de Sesuja<\/p>\n<p>Auni\u00b7ti a nois pro prom\u00f2vere sa cultura, sa limba e su pensu sardu, agiudende a manera cuncreta sa difusione issoro.<\/p>\n","protected":false},"featured_media":0,"template":"","meta":[],"product_brand":[],"product_cat":[125],"product_tag":[],"class_list":{"0":"post-27253","1":"product","2":"type-product","3":"status-publish","5":"product_cat-tessera-sustenidore","7":"first","8":"instock","9":"virtual","10":"purchasable","11":"product-type-simple"},"yoast_head":"<!-- This site is optimized with the Yoast SEO plugin v27.4 - https:\/\/yoast.com\/product\/yoast-seo-wordpress\/ -->\n<title>T\u00e8ssera Sustenidore SPECIAL - Istituto Camillo Bellieni Sassari<\/title>\n<meta name=\"robots\" content=\"index, follow, max-snippet:-1, max-image-preview:large, max-video-preview:-1\" \/>\n<link rel=\"canonical\" href=\"https:\/\/www.istituto-bellieni.it\/sc\/prodotto\/tessera-sustenidore-special\/\" \/>\n<meta property=\"og:locale\" content=\"en_US\" \/>\n<meta property=\"og:type\" content=\"article\" \/>\n<meta property=\"og:title\" content=\"T\u00e8ssera Sustenidore SPECIAL - Istituto Camillo Bellieni Sassari\" \/>\n<meta property=\"og:description\" content=\"Cun su contributo tuo nos as a agiudare a isp\u00e0rghere e valorizare su patrim\u00f2nio culturale sardu, agiudende sa chirca, sa produtzione editoriale e sa promotzione de su pensu cr\u00ecticu de sas dies de oe. S\u00e8bera sa T\u00e8ssera Sustenidore SPECIAL e diventa parte ativa de custu percursu. Ite as a retzire: \u2705 Una b\u00f9scia in tela cun unu prov\u00e8rbiu in sardu o tataresu, perfeta pro \u00e0ere semper cun tegus unu signu de s\u2019identidade nostra. \u2705 Publicatziones culturales seletzionados dae s\u2019Is.Be, de valore ist\u00f2ricu lingu\u00ecsticu e filos\u00f2ficu artu Sa t\u00e8ssera incluit UNU de sos s\u00e8beros chi sighint: - \u201cSama Lu Mannu\u201d, \u201cLo standard ortografico sassarese\u201d e \u201cL\u2019intragni segreti\u201d \u2013 libru de poesias in sassarese de Cinzia Cossu. - \u201cL\u2019Inquieto esistere\u201d, \u201cMilla movende\u201d, \u201cPoetosofia ovvero del pensiero portante\u201d e \u201cI colori di Eros\u201d de Michele Pinna - Sos 5 \u201cQuaderni di Filosofia\u201d, a incuru de Michele Pinna e Daniela Masia Urgu - Sas 5 rivistas de Sesuja Auni\u00b7ti a nois pro prom\u00f2vere sa cultura, sa limba e su pensu sardu, agiudende a manera cuncreta sa difusione issoro.\" \/>\n<meta property=\"og:url\" content=\"https:\/\/www.istituto-bellieni.it\/sc\/prodotto\/tessera-sustenidore-special\/\" \/>\n<meta property=\"og:site_name\" content=\"Istituto Camillo Bellieni Sassari\" \/>\n<meta property=\"article:publisher\" content=\"https:\/\/www.facebook.com\/IstitutoBellieni\" \/>\n<meta property=\"article:modified_time\" content=\"2026-02-16T12:27:24+00:00\" \/>\n<meta property=\"og:image\" content=\"https:\/\/www.istituto-bellieni.it\/wp-content\/uploads\/2022\/02\/tessera-special-2026.jpg\" \/>\n\t<meta property=\"og:image:width\" content=\"800\" \/>\n\t<meta property=\"og:image:height\" content=\"533\" \/>\n\t<meta property=\"og:image:type\" content=\"image\/jpeg\" \/>\n<meta name=\"twitter:card\" content=\"summary_large_image\" \/>\n<script type=\"application\/ld+json\" class=\"yoast-schema-graph\">{\"@context\":\"https:\\\/\\\/schema.org\",\"@graph\":[{\"@type\":\"WebPage\",\"@id\":\"https:\\\/\\\/www.istituto-bellieni.it\\\/sc\\\/prodotto\\\/tessera-sustenidore-special\\\/\",\"url\":\"https:\\\/\\\/www.istituto-bellieni.it\\\/sc\\\/prodotto\\\/tessera-sustenidore-special\\\/\",\"name\":\"T\u00e8ssera Sustenidore SPECIAL - Istituto Camillo Bellieni Sassari\",\"isPartOf\":{\"@id\":\"https:\\\/\\\/www.istituto-bellieni.it\\\/#website\"},\"datePublished\":\"2022-02-25T23:17:15+00:00\",\"dateModified\":\"2026-02-16T12:27:24+00:00\",\"breadcrumb\":{\"@id\":\"https:\\\/\\\/www.istituto-bellieni.it\\\/sc\\\/prodotto\\\/tessera-sustenidore-special\\\/#breadcrumb\"},\"inLanguage\":\"sc-SC\",\"potentialAction\":[{\"@type\":\"ReadAction\",\"target\":[\"https:\\\/\\\/www.istituto-bellieni.it\\\/sc\\\/prodotto\\\/tessera-sustenidore-special\\\/\"]}]},{\"@type\":\"BreadcrumbList\",\"@id\":\"https:\\\/\\\/www.istituto-bellieni.it\\\/sc\\\/prodotto\\\/tessera-sustenidore-special\\\/#breadcrumb\",\"itemListElement\":[{\"@type\":\"ListItem\",\"position\":1,\"name\":\"Home\",\"item\":\"https:\\\/\\\/www.istituto-bellieni.it\\\/sc\\\/\"},{\"@type\":\"ListItem\",\"position\":2,\"name\":\"Shop\",\"item\":\"https:\\\/\\\/www.istituto-bellieni.it\\\/shop\\\/\"},{\"@type\":\"ListItem\",\"position\":3,\"name\":\"T\u00e8ssera Sustenidore SPECIAL\"}]},{\"@type\":\"WebSite\",\"@id\":\"https:\\\/\\\/www.istituto-bellieni.it\\\/#website\",\"url\":\"https:\\\/\\\/www.istituto-bellieni.it\\\/\",\"name\":\"Istituto Camillo Bellieni Sassari\",\"description\":\"Il sito web dell&#039;Istituto di studi e ricerche Camillo Bellieni di Sassari\",\"publisher\":{\"@id\":\"https:\\\/\\\/www.istituto-bellieni.it\\\/#organization\"},\"potentialAction\":[{\"@type\":\"SearchAction\",\"target\":{\"@type\":\"EntryPoint\",\"urlTemplate\":\"https:\\\/\\\/www.istituto-bellieni.it\\\/?s={search_term_string}\"},\"query-input\":{\"@type\":\"PropertyValueSpecification\",\"valueRequired\":true,\"valueName\":\"search_term_string\"}}],\"inLanguage\":\"sc-SC\"},{\"@type\":\"Organization\",\"@id\":\"https:\\\/\\\/www.istituto-bellieni.it\\\/#organization\",\"name\":\"Istituto di Studi e Ricerce Camillo Bellieni Sassari\",\"url\":\"https:\\\/\\\/www.istituto-bellieni.it\\\/\",\"logo\":{\"@type\":\"ImageObject\",\"inLanguage\":\"sc-SC\",\"@id\":\"https:\\\/\\\/www.istituto-bellieni.it\\\/#\\\/schema\\\/logo\\\/image\\\/\",\"url\":\"https:\\\/\\\/www.istituto-bellieni.it\\\/wp-content\\\/uploads\\\/2022\\\/02\\\/logo-vect.svg\",\"contentUrl\":\"https:\\\/\\\/www.istituto-bellieni.it\\\/wp-content\\\/uploads\\\/2022\\\/02\\\/logo-vect.svg\",\"width\":305.021,\"height\":176.34,\"caption\":\"Istituto di Studi e Ricerce Camillo Bellieni Sassari\"},\"image\":{\"@id\":\"https:\\\/\\\/www.istituto-bellieni.it\\\/#\\\/schema\\\/logo\\\/image\\\/\"},\"sameAs\":[\"https:\\\/\\\/www.facebook.com\\\/IstitutoBellieni\"]}]}<\/script>\n<!-- \/ Yoast SEO plugin. -->","yoast_head_json":{"title":"T\u00e8ssera Sustenidore SPECIAL - Istituto Camillo Bellieni Sassari","robots":{"index":"index","follow":"follow","max-snippet":"max-snippet:-1","max-image-preview":"max-image-preview:large","max-video-preview":"max-video-preview:-1"},"canonical":"https:\/\/www.istituto-bellieni.it\/sc\/prodotto\/tessera-sustenidore-special\/","og_locale":"en_US","og_type":"article","og_title":"T\u00e8ssera Sustenidore SPECIAL - Istituto Camillo Bellieni Sassari","og_description":"Cun su contributo tuo nos as a agiudare a isp\u00e0rghere e valorizare su patrim\u00f2nio culturale sardu, agiudende sa chirca, sa produtzione editoriale e sa promotzione de su pensu cr\u00ecticu de sas dies de oe. S\u00e8bera sa T\u00e8ssera Sustenidore SPECIAL e diventa parte ativa de custu percursu. Ite as a retzire: \u2705 Una b\u00f9scia in tela cun unu prov\u00e8rbiu in sardu o tataresu, perfeta pro \u00e0ere semper cun tegus unu signu de s\u2019identidade nostra. \u2705 Publicatziones culturales seletzionados dae s\u2019Is.Be, de valore ist\u00f2ricu lingu\u00ecsticu e filos\u00f2ficu artu Sa t\u00e8ssera incluit UNU de sos s\u00e8beros chi sighint: - \u201cSama Lu Mannu\u201d, \u201cLo standard ortografico sassarese\u201d e \u201cL\u2019intragni segreti\u201d \u2013 libru de poesias in sassarese de Cinzia Cossu. - \u201cL\u2019Inquieto esistere\u201d, \u201cMilla movende\u201d, \u201cPoetosofia ovvero del pensiero portante\u201d e \u201cI colori di Eros\u201d de Michele Pinna - Sos 5 \u201cQuaderni di Filosofia\u201d, a incuru de Michele Pinna e Daniela Masia Urgu - Sas 5 rivistas de Sesuja Auni\u00b7ti a nois pro prom\u00f2vere sa cultura, sa limba e su pensu sardu, agiudende a manera cuncreta sa difusione issoro.","og_url":"https:\/\/www.istituto-bellieni.it\/sc\/prodotto\/tessera-sustenidore-special\/","og_site_name":"Istituto Camillo Bellieni Sassari","article_publisher":"https:\/\/www.facebook.com\/IstitutoBellieni","article_modified_time":"2026-02-16T12:27:24+00:00","og_image":[{"width":800,"height":533,"url":"https:\/\/www.istituto-bellieni.it\/wp-content\/uploads\/2022\/02\/tessera-special-2026.jpg","type":"image\/jpeg"}],"twitter_card":"summary_large_image","schema":{"@context":"https:\/\/schema.org","@graph":[{"@type":"WebPage","@id":"https:\/\/www.istituto-bellieni.it\/sc\/prodotto\/tessera-sustenidore-special\/","url":"https:\/\/www.istituto-bellieni.it\/sc\/prodotto\/tessera-sustenidore-special\/","name":"T\u00e8ssera Sustenidore SPECIAL - Istituto Camillo Bellieni Sassari","isPartOf":{"@id":"https:\/\/www.istituto-bellieni.it\/#website"},"datePublished":"2022-02-25T23:17:15+00:00","dateModified":"2026-02-16T12:27:24+00:00","breadcrumb":{"@id":"https:\/\/www.istituto-bellieni.it\/sc\/prodotto\/tessera-sustenidore-special\/#breadcrumb"},"inLanguage":"sc-SC","potentialAction":[{"@type":"ReadAction","target":["https:\/\/www.istituto-bellieni.it\/sc\/prodotto\/tessera-sustenidore-special\/"]}]},{"@type":"BreadcrumbList","@id":"https:\/\/www.istituto-bellieni.it\/sc\/prodotto\/tessera-sustenidore-special\/#breadcrumb","itemListElement":[{"@type":"ListItem","position":1,"name":"Home","item":"https:\/\/www.istituto-bellieni.it\/sc\/"},{"@type":"ListItem","position":2,"name":"Shop","item":"https:\/\/www.istituto-bellieni.it\/shop\/"},{"@type":"ListItem","position":3,"name":"T\u00e8ssera Sustenidore SPECIAL"}]},{"@type":"WebSite","@id":"https:\/\/www.istituto-bellieni.it\/#website","url":"https:\/\/www.istituto-bellieni.it\/","name":"Istituto Camillo Bellieni Sassari","description":"Il sito web dell&#039;Istituto di studi e ricerche Camillo Bellieni di Sassari","publisher":{"@id":"https:\/\/www.istituto-bellieni.it\/#organization"},"potentialAction":[{"@type":"SearchAction","target":{"@type":"EntryPoint","urlTemplate":"https:\/\/www.istituto-bellieni.it\/?s={search_term_string}"},"query-input":{"@type":"PropertyValueSpecification","valueRequired":true,"valueName":"search_term_string"}}],"inLanguage":"sc-SC"},{"@type":"Organization","@id":"https:\/\/www.istituto-bellieni.it\/#organization","name":"Istituto di Studi e Ricerce Camillo Bellieni Sassari","url":"https:\/\/www.istituto-bellieni.it\/","logo":{"@type":"ImageObject","inLanguage":"sc-SC","@id":"https:\/\/www.istituto-bellieni.it\/#\/schema\/logo\/image\/","url":"https:\/\/www.istituto-bellieni.it\/wp-content\/uploads\/2022\/02\/logo-vect.svg","contentUrl":"https:\/\/www.istituto-bellieni.it\/wp-content\/uploads\/2022\/02\/logo-vect.svg","width":305.021,"height":176.34,"caption":"Istituto di Studi e Ricerce Camillo Bellieni Sassari"},"image":{"@id":"https:\/\/www.istituto-bellieni.it\/#\/schema\/logo\/image\/"},"sameAs":["https:\/\/www.facebook.com\/IstitutoBellieni"]}]}},"_links":{"self":[{"href":"https:\/\/www.istituto-bellieni.it\/sc\/wp-json\/wp\/v2\/product\/27253","targetHints":{"allow":["GET"]}}],"collection":[{"href":"https:\/\/www.istituto-bellieni.it\/sc\/wp-json\/wp\/v2\/product"}],"about":[{"href":"https:\/\/www.istituto-bellieni.it\/sc\/wp-json\/wp\/v2\/types\/product"}],"version-history":[{"count":2,"href":"https:\/\/www.istituto-bellieni.it\/sc\/wp-json\/wp\/v2\/product\/27253\/revisions"}],"predecessor-version":[{"id":31179,"href":"https:\/\/www.istituto-bellieni.it\/sc\/wp-json\/wp\/v2\/product\/27253\/revisions\/31179"}],"wp:attachment":[{"href":"https:\/\/www.istituto-bellieni.it\/sc\/wp-json\/wp\/v2\/media?parent=27253"}],"wp:term":[{"taxonomy":"product_brand","embeddable":true,"href":"https:\/\/www.istituto-bellieni.it\/sc\/wp-json\/wp\/v2\/product_brand?post=27253"},{"taxonomy":"product_cat","embeddable":true,"href":"https:\/\/www.istituto-bellieni.it\/sc\/wp-json\/wp\/v2\/product_cat?post=27253"},{"taxonomy":"product_tag","embeddable":true,"href":"https:\/\/www.istituto-bellieni.it\/sc\/wp-json\/wp\/v2\/product_tag?post=27253"}],"curies":[{"name":"wp","href":"https:\/\/api.w.org\/{rel}","templated":true}]}}